{"id":1732,"date":"2025-01-16T09:04:59","date_gmt":"2025-01-16T09:04:59","guid":{"rendered":"https:\/\/n.jvd.fr\/?page_id=1732"},"modified":"2025-11-10T14:40:40","modified_gmt":"2025-11-10T14:40:40","slug":"tuto","status":"publish","type":"page","link":"https:\/\/n.jvd.fr\/es\/tuto\/","title":{"rendered":"Desde la instalaci\u00f3n hasta el mantenimiento, acceda a toda la informaci\u00f3n para seguir y optimizar la vida de su armario"},"content":{"rendered":"\n<div class=\"wp-block-group has-global-padding is-layout-constrained wp-block-group-is-layout-constrained\">\n<h2>Instalaci\u00f3n<\/h2>\n<p>\u00a1Buenas noticias: instalar su armario es pan comido! Siga nuestros sencillos pasos y disfrute r\u00e1pidamente de todas sus funcionalidades.<\/p>\n<div id=\"wp-block-tutorials-block_2de47985d2524bddea06735f0813ed57\" class=\"wp-block-nvn-tutorials\">\n    <div class=\"nvn-tutos\">\n\t\t        <a href=\"https:\/\/n.jvd.fr\/es\/tutoriel\/desembalaje-y-despaletizacion-novven-3-buenas-practicas\/\" class=\"nvn-tuto\">\n            <div>\n                <strong>Desembalaje y despaletizaci\u00f3n Novven 3: buenas pr\u00e1cticas\u202f<\/strong>\n                <span><\/span>\n            <\/div>\n            <span class=\"nvn-tuto__icon\">\n                <svg width=\"17\" height=\"11\" aria-hidden=\"true\" role=\"presentation\"><use xlink:href=\"#arrow\"\/><\/svg>\n            <\/span>\n        <\/a>\n\t\t        <a href=\"https:\/\/n.jvd.fr\/es\/tutoriel\/desembalaje-y-despaletizacion-novven-3s-buenas-practicas\/\" class=\"nvn-tuto\">\n            <div>\n                <strong>Desembalaje y despaletizaci\u00f3n Novven 3S: buenas pr\u00e1cticas<\/strong>\n                <span><\/span>\n            <\/div>\n            <span class=\"nvn-tuto__icon\">\n                <svg width=\"17\" height=\"11\" aria-hidden=\"true\" role=\"presentation\"><use xlink:href=\"#arrow\"\/><\/svg>\n            <\/span>\n        <\/a>\n\t\t        <a href=\"https:\/\/n.jvd.fr\/es\/tutoriel\/instalacion-descubrir-mi-armario\/\" class=\"nvn-tuto\">\n            <div>\n                <strong>Instalaci\u00f3n: descubrir mi armario<\/strong>\n                <span><\/span>\n            <\/div>\n            <span class=\"nvn-tuto__icon\">\n                <svg width=\"17\" height=\"11\" aria-hidden=\"true\" role=\"presentation\"><use xlink:href=\"#arrow\"\/><\/svg>\n            <\/span>\n        <\/a>\n\t\t        <a href=\"https:\/\/n.jvd.fr\/es\/tutoriel\/ruedas-ajuste-y-colocacion-sobre-patines\/\" class=\"nvn-tuto\">\n            <div>\n                <strong>Ruedas: ajuste y colocaci\u00f3n sobre patines<\/strong>\n                <span><\/span>\n            <\/div>\n            <span class=\"nvn-tuto__icon\">\n                <svg width=\"17\" height=\"11\" aria-hidden=\"true\" role=\"presentation\"><use xlink:href=\"#arrow\"\/><\/svg>\n            <\/span>\n        <\/a>\n\t\t        <a href=\"https:\/\/n.jvd.fr\/es\/tutoriel\/bandeja-de-recogida-de-agua-instalacion-y-uso\/\" class=\"nvn-tuto\">\n            <div>\n                <strong>Bandeja de recogida de agua: instalaci\u00f3n y uso<\/strong>\n                <span><\/span>\n            <\/div>\n            <span class=\"nvn-tuto__icon\">\n                <svg width=\"17\" height=\"11\" aria-hidden=\"true\" role=\"presentation\"><use xlink:href=\"#arrow\"\/><\/svg>\n            <\/span>\n        <\/a>\n\t\t\t\t\t<\/div>\n<\/div>\n<\/div>\n\n\n\n<div class=\"wp-block-group has-global-padding is-layout-constrained wp-block-group-is-layout-constrained\">\n<\/div>\n\n\n\n<div class=\"wp-block-group has-global-padding is-layout-constrained wp-block-group-is-layout-constrained\">\n<h2>Navegaci\u00f3n<\/h2>\n<p>Explore todo el potencial de su interfaz. Nuestros tutoriales paso a paso le acompa\u00f1an para dominar cada funcionalidad de su armario, con total simplicidad.<\/p>\n<div id=\"wp-block-tutorials-block_7ad7b282afa4300e9b8a8e40ff779c34\" class=\"wp-block-nvn-tutorials\">\n    <div class=\"nvn-tutos\">\n\t\t        <a href=\"https:\/\/n.jvd.fr\/es\/tutoriel\/menu-descripcion-y-navegacion\/\" class=\"nvn-tuto\">\n            <div>\n                <strong>Men\u00fa: descripci\u00f3n y navegaci\u00f3n<\/strong>\n                <span><\/span>\n            <\/div>\n            <span class=\"nvn-tuto__icon\">\n                <svg width=\"17\" height=\"11\" aria-hidden=\"true\" role=\"presentation\"><use xlink:href=\"#arrow\"\/><\/svg>\n            <\/span>\n        <\/a>\n\t\t        <a href=\"https:\/\/n.jvd.fr\/es\/tutoriel\/historial\/\" class=\"nvn-tuto\">\n            <div>\n                <strong>Historial<\/strong>\n                <span><\/span>\n            <\/div>\n            <span class=\"nvn-tuto__icon\">\n                <svg width=\"17\" height=\"11\" aria-hidden=\"true\" role=\"presentation\"><use xlink:href=\"#arrow\"\/><\/svg>\n            <\/span>\n        <\/a>\n\t\t        <a href=\"https:\/\/n.jvd.fr\/es\/tutoriel\/mantenimiento\/\" class=\"nvn-tuto\">\n            <div>\n                <strong>Mantenimiento<\/strong>\n                <span><\/span>\n            <\/div>\n            <span class=\"nvn-tuto__icon\">\n                <svg width=\"17\" height=\"11\" aria-hidden=\"true\" role=\"presentation\"><use xlink:href=\"#arrow\"\/><\/svg>\n            <\/span>\n        <\/a>\n\t\t        <a href=\"https:\/\/n.jvd.fr\/es\/tutoriel\/parametros\/\" class=\"nvn-tuto\">\n            <div>\n                <strong>Par\u00e1metros<\/strong>\n                <span><\/span>\n            <\/div>\n            <span class=\"nvn-tuto__icon\">\n                <svg width=\"17\" height=\"11\" aria-hidden=\"true\" role=\"presentation\"><use xlink:href=\"#arrow\"\/><\/svg>\n            <\/span>\n        <\/a>\n\t\t        <a href=\"https:\/\/n.jvd.fr\/es\/tutoriel\/favoritos\/\" class=\"nvn-tuto\">\n            <div>\n                <strong>Favoritos<\/strong>\n                <span><\/span>\n            <\/div>\n            <span class=\"nvn-tuto__icon\">\n                <svg width=\"17\" height=\"11\" aria-hidden=\"true\" role=\"presentation\"><use xlink:href=\"#arrow\"\/><\/svg>\n            <\/span>\n        <\/a>\n\t\t        <a href=\"https:\/\/n.jvd.fr\/es\/tutoriel\/inicio-diferido-como-configurarlo\/\" class=\"nvn-tuto\">\n            <div>\n                <strong>Inicio diferido: \u00bfc\u00f3mo configurarlo?\u202f<\/strong>\n                <span><\/span>\n            <\/div>\n            <span class=\"nvn-tuto__icon\">\n                <svg width=\"17\" height=\"11\" aria-hidden=\"true\" role=\"presentation\"><use xlink:href=\"#arrow\"\/><\/svg>\n            <\/span>\n        <\/a>\n\t\t\t\t\t<\/div>\n<\/div>\n<\/div>\n\n\n\n<div class=\"wp-block-group has-global-padding is-layout-constrained wp-block-group-is-layout-constrained\">\n<h2>Mantenimiento<\/h2>\n<p>Asegure un funcionamiento \u00f3ptimo y prolongue la vida \u00fatil del armario mediante un mantenimiento regular y adecuado.<\/p>\n<div id=\"wp-block-tutorials-block_898212391c692bfdc493ff03fd18fd52\" class=\"wp-block-nvn-tutorials\">\n    <div class=\"nvn-tutos\">\n\t\t        <a href=\"https:\/\/n.jvd.fr\/es\/tutoriel\/mantenimiento-rutinario-del-armario\/\" class=\"nvn-tuto\">\n            <div>\n                <strong>Mantenimiento rutinario del armario<\/strong>\n                <span><\/span>\n            <\/div>\n            <span class=\"nvn-tuto__icon\">\n                <svg width=\"17\" height=\"11\" aria-hidden=\"true\" role=\"presentation\"><use xlink:href=\"#arrow\"\/><\/svg>\n            <\/span>\n        <\/a>\n\t\t\t\t\t<\/div>\n<\/div>\n<\/div>\n\n\n\n<div class=\"wp-block-group has-global-padding is-layout-constrained wp-block-group-is-layout-constrained\">\n<h2>Reemplazo de componentes<\/h2>\n<p>Su armario ha indicado un reemplazo de componentes. Encuentre aqu\u00ed toda la informaci\u00f3n.<\/p>\n<div id=\"wp-block-tutorials-block_63f62631aeb9617e2e51972073eff1c6\" class=\"wp-block-nvn-tutorials\">\n    <div class=\"nvn-tutos\">\n\t\t        <a href=\"https:\/\/n.jvd.fr\/es\/tutoriel\/reemplazo-de-su-filtro\/\" class=\"nvn-tuto\">\n            <div>\n                <strong>Reemplazo de su filtro<\/strong>\n                <span><\/span>\n            <\/div>\n            <span class=\"nvn-tuto__icon\">\n                <svg width=\"17\" height=\"11\" aria-hidden=\"true\" role=\"presentation\"><use xlink:href=\"#arrow\"\/><\/svg>\n            <\/span>\n        <\/a>\n\t\t        <a href=\"https:\/\/n.jvd.fr\/es\/tutoriel\/reemplazo-de-su-generador\/\" class=\"nvn-tuto\">\n            <div>\n                <strong>Reemplazo de su generador<\/strong>\n                <span><\/span>\n            <\/div>\n            <span class=\"nvn-tuto__icon\">\n                <svg width=\"17\" height=\"11\" aria-hidden=\"true\" role=\"presentation\"><use xlink:href=\"#arrow\"\/><\/svg>\n            <\/span>\n        <\/a>\n\t\t\t\t\t<\/div>\n<\/div>\n<\/div>\n\n\n\n<div class=\"wp-block-group has-global-padding is-layout-constrained wp-block-group-is-layout-constrained\">\n<\/div>\n\n\n\n<h2>Mantenimiento de componentes<\/h2>\n<p>Su armario ha indicado un mantenimiento de componentes. Encuentre aqu\u00ed toda la informaci\u00f3n.\r\n<\/p>\n<div id=\"wp-block-tutorials-block_155c4e4070a384efb636513f2b3f42db\" class=\"wp-block-nvn-tutorials\">\n    <div class=\"nvn-tutos\">\n\t\t        <a href=\"https:\/\/n.jvd.fr\/es\/tutoriel\/reemplazo-de-su-generador-2\/\" class=\"nvn-tuto\">\n            <div>\n                <strong>Mantenimiento de su generador<\/strong>\n                <span><\/span>\n            <\/div>\n            <span class=\"nvn-tuto__icon\">\n                <svg width=\"17\" height=\"11\" aria-hidden=\"true\" role=\"presentation\"><use xlink:href=\"#arrow\"\/><\/svg>\n            <\/span>\n        <\/a>\n\t\t        <a href=\"https:\/\/n.jvd.fr\/es\/tutoriel\/reemplazo-de-su-generador-3\/\" class=\"nvn-tuto\">\n            <div>\n                <strong>Mantenimiento de sus ventiladores<\/strong>\n                <span><\/span>\n            <\/div>\n            <span class=\"nvn-tuto__icon\">\n                <svg width=\"17\" height=\"11\" aria-hidden=\"true\" role=\"presentation\"><use xlink:href=\"#arrow\"\/><\/svg>\n            <\/span>\n        <\/a>\n\t\t        <a href=\"https:\/\/n.jvd.fr\/es\/tutoriel\/reemplazo-de-su-generador-4\/\" class=\"nvn-tuto\">\n            <div>\n                <strong>Mantenimiento de su resistencia calefactora<\/strong>\n                <span><\/span>\n            <\/div>\n            <span class=\"nvn-tuto__icon\">\n                <svg width=\"17\" height=\"11\" aria-hidden=\"true\" role=\"presentation\"><use xlink:href=\"#arrow\"\/><\/svg>\n            <\/span>\n        <\/a>\n\t\t\t\t\t<\/div>\n<\/div>\n","protected":false},"excerpt":{"rendered":"","protected":false},"author":2,"featured_media":0,"parent":0,"menu_order":0,"comment_status":"closed","ping_status":"closed","template":"","meta":{"_acf_changed":false,"inline_featured_image":false,"footnotes":""},"class_list":["post-1732","page","type-page","status-publish","hentry"],"acf":[],"_links":{"self":[{"href":"https:\/\/n.jvd.fr\/es\/wp-json\/wp\/v2\/pages\/1732","targetHints":{"allow":["GET"]}}],"collection":[{"href":"https:\/\/n.jvd.fr\/es\/wp-json\/wp\/v2\/pages"}],"about":[{"href":"https:\/\/n.jvd.fr\/es\/wp-json\/wp\/v2\/types\/page"}],"author":[{"embeddable":true,"href":"https:\/\/n.jvd.fr\/es\/wp-json\/wp\/v2\/users\/2"}],"replies":[{"embeddable":true,"href":"https:\/\/n.jvd.fr\/es\/wp-json\/wp\/v2\/comments?post=1732"}],"version-history":[{"count":7,"href":"https:\/\/n.jvd.fr\/es\/wp-json\/wp\/v2\/pages\/1732\/revisions"}],"predecessor-version":[{"id":2222,"href":"https:\/\/n.jvd.fr\/es\/wp-json\/wp\/v2\/pages\/1732\/revisions\/2222"}],"wp:attachment":[{"href":"https:\/\/n.jvd.fr\/es\/wp-json\/wp\/v2\/media?parent=1732"}],"curies":[{"name":"wp","href":"https:\/\/api.w.org\/{rel}","templated":true}]}}