{"id":1703,"date":"2025-09-23T16:22:50","date_gmt":"2025-09-23T16:22:50","guid":{"rendered":"https:\/\/n.jvd.fr\/?post_type=product&#038;p=1703"},"modified":"2025-11-19T14:16:26","modified_gmt":"2025-11-19T14:16:26","slug":"rejilla-n3s","status":"publish","type":"product","link":"https:\/\/n.jvd.fr\/es\/produit\/rejilla-n3s\/","title":{"rendered":"Rejilla &#8211; Novven 3S"},"content":{"rendered":"\n<p><strong>Rejilla de almacenamiento<\/strong> \u2013 La rejilla dise\u00f1ada especialmente para optimizar el almacenamiento en el armario Novven 3S. Permite colocar f\u00e1cilmente sus EPI y\/o accesorios, asegurando al mismo tiempo una circulaci\u00f3n \u00f3ptima del aire para un secado, desinfecci\u00f3n, desodorizaci\u00f3n o descontaminaci\u00f3n eficaz.<\/p>\n\n\n\n<ul class=\"wp-block-list\">\n<li><strong>Dise\u00f1o seguro<\/strong>: evita que los equipos se vuelquen o deslicen durante el ciclo de tratamiento.<\/li>\n\n\n\n<li><strong>Vers\u00e1til y robusta<\/strong>: soporta diferentes tipos de equipos (botas, zapatos, guantes, cascos, accesorios).<\/li>\n\n\n\n<li><strong>Extra\u00edble<\/strong>: facilita la limpieza y el ajuste seg\u00fan el tama\u00f1o de los equipos.<\/li>\n\n\n\n<li><strong>Optimizaci\u00f3n del espacio<\/strong>: permite maximizar la capacidad del armario manteniendo los equipos accesibles. M\u00e1ximo 6 rejillas a lo largo de toda la altura del armario.<\/li>\n<\/ul>\n\n\n\n<p><\/p>\n","protected":false},"featured_media":1707,"template":"","meta":{"_acf_changed":false,"inline_featured_image":false,"footnotes":""},"class_list":["post-1703","product","type-product","status-publish","has-post-thumbnail","hentry","locker-ar60-es","sector-dsr-es","sector-industria-es","sector-ocio","sector-primera-infancia","sector-salud"],"acf":[],"_links":{"self":[{"href":"https:\/\/n.jvd.fr\/es\/wp-json\/wp\/v2\/product\/1703","targetHints":{"allow":["GET"]}}],"collection":[{"href":"https:\/\/n.jvd.fr\/es\/wp-json\/wp\/v2\/product"}],"about":[{"href":"https:\/\/n.jvd.fr\/es\/wp-json\/wp\/v2\/types\/product"}],"version-history":[{"count":1,"href":"https:\/\/n.jvd.fr\/es\/wp-json\/wp\/v2\/product\/1703\/revisions"}],"predecessor-version":[{"id":2386,"href":"https:\/\/n.jvd.fr\/es\/wp-json\/wp\/v2\/product\/1703\/revisions\/2386"}],"wp:featuredmedia":[{"embeddable":true,"href":"https:\/\/n.jvd.fr\/es\/wp-json\/wp\/v2\/media\/1707"}],"wp:attachment":[{"href":"https:\/\/n.jvd.fr\/es\/wp-json\/wp\/v2\/media?parent=1703"}],"curies":[{"name":"wp","href":"https:\/\/api.w.org\/{rel}","templated":true}]}}