{"id":1380,"date":"2025-01-16T09:03:18","date_gmt":"2025-01-16T09:03:18","guid":{"rendered":"https:\/\/n.jvd.fr\/?page_id=1380"},"modified":"2025-09-24T15:32:53","modified_gmt":"2025-09-24T15:32:53","slug":"acceconsu","status":"publish","type":"page","link":"https:\/\/n.jvd.fr\/pt-pt\/acceconsu\/","title":{"rendered":"Personalize e melhore o seu arm\u00e1rio com solu\u00e7\u00f5es adaptadas \u00e0s suas necessidades"},"content":{"rendered":"\n<h2>Acess\u00f3rios<\/h2>\n<div id=\"wp-block-nvn-products-block_8caed07ce7a7813a9342ff3f1cb87ffb\" class=\"wp-block-nvn-products\">\n    <ul class=\"nvn-products\">\n                <li>\n            <a href=\"https:\/\/n.jvd.fr\/pt-pt\/produit\/grelha-n3\/\" class=\"loop-product\">\n                <img loading=\"lazy\" decoding=\"async\" width=\"1024\" height=\"586\" src=\"https:\/\/n.jvd.fr\/wp-content\/uploads\/2025\/09\/novven-acc-010-1024x586.jpg\" class=\"attachment-large size-large wp-post-image\" alt=\"Grille de rangement - Novven 3\" srcset=\"https:\/\/n.jvd.fr\/wp-content\/uploads\/2025\/09\/novven-acc-010-1024x586.jpg 1024w, https:\/\/n.jvd.fr\/wp-content\/uploads\/2025\/09\/novven-acc-010-300x172.jpg 300w, https:\/\/n.jvd.fr\/wp-content\/uploads\/2025\/09\/novven-acc-010-768x440.jpg 768w, https:\/\/n.jvd.fr\/wp-content\/uploads\/2025\/09\/novven-acc-010-1536x880.jpg 1536w, https:\/\/n.jvd.fr\/wp-content\/uploads\/2025\/09\/novven-acc-010-2048x1173.jpg 2048w\" sizes=\"auto, (max-width: 1024px) 100vw, 1024px\" \/>                <span class=\"loop-product__title\">Grelha &#8211; Novven 3<\/span>\n                <span class=\"loop-product__link\">\n                    <svg width=\"17\" height=\"11\" aria-hidden=\"true\" role=\"presentation\"><use xlink:href=\"#arrow\"\/><\/svg>\n                <\/span>\n            <\/a>\n        <\/li>\n                <li>\n            <a href=\"https:\/\/n.jvd.fr\/pt-pt\/produit\/grelha-n3s\/\" class=\"loop-product\">\n                <img loading=\"lazy\" decoding=\"async\" width=\"1024\" height=\"888\" src=\"https:\/\/n.jvd.fr\/wp-content\/uploads\/2025\/09\/novven-acc-009-1024x888.jpg\" class=\"attachment-large size-large wp-post-image\" alt=\"Grille de rangement - Novven 3S\" srcset=\"https:\/\/n.jvd.fr\/wp-content\/uploads\/2025\/09\/novven-acc-009-1024x888.jpg 1024w, https:\/\/n.jvd.fr\/wp-content\/uploads\/2025\/09\/novven-acc-009-300x260.jpg 300w, https:\/\/n.jvd.fr\/wp-content\/uploads\/2025\/09\/novven-acc-009-768x666.jpg 768w, https:\/\/n.jvd.fr\/wp-content\/uploads\/2025\/09\/novven-acc-009-1536x1331.jpg 1536w, https:\/\/n.jvd.fr\/wp-content\/uploads\/2025\/09\/novven-acc-009-2048x1775.jpg 2048w\" sizes=\"auto, (max-width: 1024px) 100vw, 1024px\" \/>                <span class=\"loop-product__title\">Grelha &#8211; Novven 3S<\/span>\n                <span class=\"loop-product__link\">\n                    <svg width=\"17\" height=\"11\" aria-hidden=\"true\" role=\"presentation\"><use xlink:href=\"#arrow\"\/><\/svg>\n                <\/span>\n            <\/a>\n        <\/li>\n            <\/ul>\n    <\/div>\n\n\n\n\n\n\n<h2>Pe\u00e7as sobressalentes<\/h2>\n<div id=\"wp-block-nvn-products-block_b8f738bb46fbfa02a9b5e7ac17151391\" class=\"wp-block-nvn-products\">\n    <ul class=\"nvn-products\">\n                <li>\n            <a href=\"https:\/\/n.jvd.fr\/pt-pt\/produit\/gerador\/\" class=\"loop-product\">\n                <img loading=\"lazy\" decoding=\"async\" width=\"1024\" height=\"593\" src=\"https:\/\/n.jvd.fr\/wp-content\/uploads\/2025\/01\/generateur-capture-1024x593.png\" class=\"attachment-large size-large wp-post-image\" alt=\"\" srcset=\"https:\/\/n.jvd.fr\/wp-content\/uploads\/2025\/01\/generateur-capture-1024x593.png 1024w, https:\/\/n.jvd.fr\/wp-content\/uploads\/2025\/01\/generateur-capture-300x174.png 300w, https:\/\/n.jvd.fr\/wp-content\/uploads\/2025\/01\/generateur-capture-768x445.png 768w, https:\/\/n.jvd.fr\/wp-content\/uploads\/2025\/01\/generateur-capture-1536x890.png 1536w, https:\/\/n.jvd.fr\/wp-content\/uploads\/2025\/01\/generateur-capture.png 1737w\" sizes=\"auto, (max-width: 1024px) 100vw, 1024px\" \/>                <span class=\"loop-product__title\">Gerador<\/span>\n                <span class=\"loop-product__link\">\n                    <svg width=\"17\" height=\"11\" aria-hidden=\"true\" role=\"presentation\"><use xlink:href=\"#arrow\"\/><\/svg>\n                <\/span>\n            <\/a>\n        <\/li>\n            <\/ul>\n    <\/div>\n","protected":false},"excerpt":{"rendered":"","protected":false},"author":2,"featured_media":0,"parent":0,"menu_order":0,"comment_status":"closed","ping_status":"closed","template":"","meta":{"_acf_changed":false,"inline_featured_image":false,"footnotes":""},"class_list":["post-1380","page","type-page","status-publish","hentry"],"acf":[],"_links":{"self":[{"href":"https:\/\/n.jvd.fr\/pt-pt\/wp-json\/wp\/v2\/pages\/1380","targetHints":{"allow":["GET"]}}],"collection":[{"href":"https:\/\/n.jvd.fr\/pt-pt\/wp-json\/wp\/v2\/pages"}],"about":[{"href":"https:\/\/n.jvd.fr\/pt-pt\/wp-json\/wp\/v2\/types\/page"}],"author":[{"embeddable":true,"href":"https:\/\/n.jvd.fr\/pt-pt\/wp-json\/wp\/v2\/users\/2"}],"replies":[{"embeddable":true,"href":"https:\/\/n.jvd.fr\/pt-pt\/wp-json\/wp\/v2\/comments?post=1380"}],"version-history":[{"count":2,"href":"https:\/\/n.jvd.fr\/pt-pt\/wp-json\/wp\/v2\/pages\/1380\/revisions"}],"predecessor-version":[{"id":1759,"href":"https:\/\/n.jvd.fr\/pt-pt\/wp-json\/wp\/v2\/pages\/1380\/revisions\/1759"}],"wp:attachment":[{"href":"https:\/\/n.jvd.fr\/pt-pt\/wp-json\/wp\/v2\/media?parent=1380"}],"curies":[{"name":"wp","href":"https:\/\/api.w.org\/{rel}","templated":true}]}}