{"id":1726,"date":"2025-01-16T09:04:59","date_gmt":"2025-01-16T09:04:59","guid":{"rendered":"https:\/\/n.jvd.fr\/?page_id=1726"},"modified":"2025-11-10T14:32:17","modified_gmt":"2025-11-10T14:32:17","slug":"tuto","status":"publish","type":"page","link":"https:\/\/n.jvd.fr\/pt-pt\/tuto\/","title":{"rendered":"Da instala\u00e7\u00e3o \u00e0 manuten\u00e7\u00e3o, aceda a todas as informa\u00e7\u00f5es para acompanhar e otimizar a vida \u00fatil do seu arm\u00e1rio."},"content":{"rendered":"\n<div class=\"wp-block-group has-global-padding is-layout-constrained wp-block-group-is-layout-constrained\">\n<h2>Instala\u00e7\u00e3o<\/h2>\n<p>Boas not\u00edcias: instalar o seu arm\u00e1rio \u00e9 muito f\u00e1cil! Siga os nossos passos simples e aproveite rapidamente todas as suas funcionalidades.<\/p>\n<div id=\"wp-block-tutorials-block_62189d1d0b81168a67f925b1dc6beaa2\" class=\"wp-block-nvn-tutorials\">\n    <div class=\"nvn-tutos\">\n\t\t        <a href=\"https:\/\/n.jvd.fr\/pt-pt\/tutoriel\/desembalagem-e-despaletizacao-novven-3-boas-praticas\/\" class=\"nvn-tuto\">\n            <div>\n                <strong>Desembalagem e despaletiza\u00e7\u00e3o Novven 3: boas pr\u00e1ticas<\/strong>\n                <span><\/span>\n            <\/div>\n            <span class=\"nvn-tuto__icon\">\n                <svg width=\"17\" height=\"11\" aria-hidden=\"true\" role=\"presentation\"><use xlink:href=\"#arrow\"\/><\/svg>\n            <\/span>\n        <\/a>\n\t\t        <a href=\"https:\/\/n.jvd.fr\/pt-pt\/tutoriel\/desembalagem-e-despaletizacao-novven-3s-boas-praticas\/\" class=\"nvn-tuto\">\n            <div>\n                <strong>Desembalagem e despaletiza\u00e7\u00e3o Novven 3S: boas pr\u00e1ticas<\/strong>\n                <span><\/span>\n            <\/div>\n            <span class=\"nvn-tuto__icon\">\n                <svg width=\"17\" height=\"11\" aria-hidden=\"true\" role=\"presentation\"><use xlink:href=\"#arrow\"\/><\/svg>\n            <\/span>\n        <\/a>\n\t\t        <a href=\"https:\/\/n.jvd.fr\/pt-pt\/tutoriel\/instalacao-descobrir-o-meu-armario\/\" class=\"nvn-tuto\">\n            <div>\n                <strong>Instala\u00e7\u00e3o: descobrir o meu arm\u00e1rio<\/strong>\n                <span><\/span>\n            <\/div>\n            <span class=\"nvn-tuto__icon\">\n                <svg width=\"17\" height=\"11\" aria-hidden=\"true\" role=\"presentation\"><use xlink:href=\"#arrow\"\/><\/svg>\n            <\/span>\n        <\/a>\n\t\t        <a href=\"https:\/\/n.jvd.fr\/pt-pt\/tutoriel\/rodas-ajuste-e-colocacao-sobre-apoios\/\" class=\"nvn-tuto\">\n            <div>\n                <strong>Rodas: ajuste e coloca\u00e7\u00e3o sobre apoios<\/strong>\n                <span><\/span>\n            <\/div>\n            <span class=\"nvn-tuto__icon\">\n                <svg width=\"17\" height=\"11\" aria-hidden=\"true\" role=\"presentation\"><use xlink:href=\"#arrow\"\/><\/svg>\n            <\/span>\n        <\/a>\n\t\t        <a href=\"https:\/\/n.jvd.fr\/pt-pt\/tutoriel\/recipiente-de-recolha-de-agua-instalacao-e-utilizacao\/\" class=\"nvn-tuto\">\n            <div>\n                <strong>Recipiente de recolha de \u00e1gua: instala\u00e7\u00e3o e utiliza\u00e7\u00e3o<\/strong>\n                <span><\/span>\n            <\/div>\n            <span class=\"nvn-tuto__icon\">\n                <svg width=\"17\" height=\"11\" aria-hidden=\"true\" role=\"presentation\"><use xlink:href=\"#arrow\"\/><\/svg>\n            <\/span>\n        <\/a>\n\t\t\t\t\t<\/div>\n<\/div>\n<\/div>\n\n\n\n<div class=\"wp-block-group has-global-padding is-layout-constrained wp-block-group-is-layout-constrained\">\n<\/div>\n\n\n\n<div class=\"wp-block-group has-global-padding is-layout-constrained wp-block-group-is-layout-constrained\">\n<h2>Navega\u00e7\u00e3o<\/h2>\n<p>Explore todo o potencial da sua interface. Os nossos tutoriais passo a passo acompanham-no para dominar cada funcionalidade do seu arm\u00e1rio, com toda a simplicidade.<\/p>\n<div id=\"wp-block-tutorials-block_ce12f9d4fa39c237f94a5d16ca4cc5e3\" class=\"wp-block-nvn-tutorials\">\n    <div class=\"nvn-tutos\">\n\t\t        <a href=\"https:\/\/n.jvd.fr\/pt-pt\/tutoriel\/menu-descricao-e-navegacao\/\" class=\"nvn-tuto\">\n            <div>\n                <strong>Menu: descri\u00e7\u00e3o e navega\u00e7\u00e3o<\/strong>\n                <span><\/span>\n            <\/div>\n            <span class=\"nvn-tuto__icon\">\n                <svg width=\"17\" height=\"11\" aria-hidden=\"true\" role=\"presentation\"><use xlink:href=\"#arrow\"\/><\/svg>\n            <\/span>\n        <\/a>\n\t\t        <a href=\"https:\/\/n.jvd.fr\/pt-pt\/tutoriel\/historico\/\" class=\"nvn-tuto\">\n            <div>\n                <strong>Hist\u00f3rico<\/strong>\n                <span><\/span>\n            <\/div>\n            <span class=\"nvn-tuto__icon\">\n                <svg width=\"17\" height=\"11\" aria-hidden=\"true\" role=\"presentation\"><use xlink:href=\"#arrow\"\/><\/svg>\n            <\/span>\n        <\/a>\n\t\t        <a href=\"https:\/\/n.jvd.fr\/pt-pt\/tutoriel\/manutencao\/\" class=\"nvn-tuto\">\n            <div>\n                <strong>Manuten\u00e7\u00e3o<\/strong>\n                <span><\/span>\n            <\/div>\n            <span class=\"nvn-tuto__icon\">\n                <svg width=\"17\" height=\"11\" aria-hidden=\"true\" role=\"presentation\"><use xlink:href=\"#arrow\"\/><\/svg>\n            <\/span>\n        <\/a>\n\t\t        <a href=\"https:\/\/n.jvd.fr\/pt-pt\/tutoriel\/definicoes\/\" class=\"nvn-tuto\">\n            <div>\n                <strong>Defini\u00e7\u00f5es<\/strong>\n                <span><\/span>\n            <\/div>\n            <span class=\"nvn-tuto__icon\">\n                <svg width=\"17\" height=\"11\" aria-hidden=\"true\" role=\"presentation\"><use xlink:href=\"#arrow\"\/><\/svg>\n            <\/span>\n        <\/a>\n\t\t        <a href=\"https:\/\/n.jvd.fr\/pt-pt\/tutoriel\/favoritos\/\" class=\"nvn-tuto\">\n            <div>\n                <strong>Favoritos<\/strong>\n                <span><\/span>\n            <\/div>\n            <span class=\"nvn-tuto__icon\">\n                <svg width=\"17\" height=\"11\" aria-hidden=\"true\" role=\"presentation\"><use xlink:href=\"#arrow\"\/><\/svg>\n            <\/span>\n        <\/a>\n\t\t        <a href=\"https:\/\/n.jvd.fr\/pt-pt\/tutoriel\/partida-programada-como-configura-la\/\" class=\"nvn-tuto\">\n            <div>\n                <strong>Partida programada: como configur\u00e1-la?<\/strong>\n                <span><\/span>\n            <\/div>\n            <span class=\"nvn-tuto__icon\">\n                <svg width=\"17\" height=\"11\" aria-hidden=\"true\" role=\"presentation\"><use xlink:href=\"#arrow\"\/><\/svg>\n            <\/span>\n        <\/a>\n\t\t\t\t\t<\/div>\n<\/div>\n<\/div>\n\n\n\n<div class=\"wp-block-group has-global-padding is-layout-constrained wp-block-group-is-layout-constrained\">\n<h2>Manuten\u00e7\u00e3o<\/h2>\n<p>Assegure um funcionamento \u00f3timo e prolongue a vida \u00fatil do arm\u00e1rio atrav\u00e9s de uma manuten\u00e7\u00e3o regular e adequada.<\/p>\n<div id=\"wp-block-tutorials-block_a43bccd9dfb7d3a098e532f448b3ea65\" class=\"wp-block-nvn-tutorials\">\n    <div class=\"nvn-tutos\">\n\t\t        <a href=\"https:\/\/n.jvd.fr\/pt-pt\/tutoriel\/manutencao-corrente-do-armario\/\" class=\"nvn-tuto\">\n            <div>\n                <strong>Manuten\u00e7\u00e3o corrente do arm\u00e1rio<\/strong>\n                <span><\/span>\n            <\/div>\n            <span class=\"nvn-tuto__icon\">\n                <svg width=\"17\" height=\"11\" aria-hidden=\"true\" role=\"presentation\"><use xlink:href=\"#arrow\"\/><\/svg>\n            <\/span>\n        <\/a>\n\t\t\t\t\t<\/div>\n<\/div>\n<\/div>\n\n\n\n<div class=\"wp-block-group has-global-padding is-layout-constrained wp-block-group-is-layout-constrained\">\n<h2>Substitui\u00e7\u00e3o de componentes<\/h2>\n<p>O seu arm\u00e1rio indicou uma substitui\u00e7\u00e3o de componentes. Encontre aqui todas as informa\u00e7\u00f5es.<\/p>\n<div id=\"wp-block-tutorials-block_047d46f405405c2a2872bbf16e6b48ae\" class=\"wp-block-nvn-tutorials\">\n    <div class=\"nvn-tutos\">\n\t\t        <a href=\"https:\/\/n.jvd.fr\/pt-pt\/tutoriel\/substituicao-do-seu-filtro\/\" class=\"nvn-tuto\">\n            <div>\n                <strong>Substitui\u00e7\u00e3o do seu filtro<\/strong>\n                <span><\/span>\n            <\/div>\n            <span class=\"nvn-tuto__icon\">\n                <svg width=\"17\" height=\"11\" aria-hidden=\"true\" role=\"presentation\"><use xlink:href=\"#arrow\"\/><\/svg>\n            <\/span>\n        <\/a>\n\t\t        <a href=\"https:\/\/n.jvd.fr\/pt-pt\/tutoriel\/substituicao-do-seu-gerador\/\" class=\"nvn-tuto\">\n            <div>\n                <strong>Substitui\u00e7\u00e3o do seu gerador<\/strong>\n                <span><\/span>\n            <\/div>\n            <span class=\"nvn-tuto__icon\">\n                <svg width=\"17\" height=\"11\" aria-hidden=\"true\" role=\"presentation\"><use xlink:href=\"#arrow\"\/><\/svg>\n            <\/span>\n        <\/a>\n\t\t\t\t\t<\/div>\n<\/div>\n<\/div>\n\n\n\n<div class=\"wp-block-group has-global-padding is-layout-constrained wp-block-group-is-layout-constrained\">\n<\/div>\n\n\n\n<h2>Assist\u00eancia a componentes<\/h2>\n<p>O seu arm\u00e1rio indicou uma assist\u00eancia a componentes. Encontre aqui todas as informa\u00e7\u00f5es.<\/p>\n<div id=\"wp-block-tutorials-block_91439049b1af398b58b2c9f3004b3ac2\" class=\"wp-block-nvn-tutorials\">\n    <div class=\"nvn-tutos\">\n\t\t        <a href=\"https:\/\/n.jvd.fr\/pt-pt\/tutoriel\/substituicao-do-seu-gerador-2\/\" class=\"nvn-tuto\">\n            <div>\n                <strong>Assist\u00eancia ao seu gerador<\/strong>\n                <span><\/span>\n            <\/div>\n            <span class=\"nvn-tuto__icon\">\n                <svg width=\"17\" height=\"11\" aria-hidden=\"true\" role=\"presentation\"><use xlink:href=\"#arrow\"\/><\/svg>\n            <\/span>\n        <\/a>\n\t\t        <a href=\"https:\/\/n.jvd.fr\/pt-pt\/tutoriel\/substituicao-do-seu-gerador-3\/\" class=\"nvn-tuto\">\n            <div>\n                <strong>Assist\u00eancia aos seus ventiladores<\/strong>\n                <span><\/span>\n            <\/div>\n            <span class=\"nvn-tuto__icon\">\n                <svg width=\"17\" height=\"11\" aria-hidden=\"true\" role=\"presentation\"><use xlink:href=\"#arrow\"\/><\/svg>\n            <\/span>\n        <\/a>\n\t\t        <a href=\"https:\/\/n.jvd.fr\/pt-pt\/tutoriel\/substituicao-do-seu-gerador-4\/\" class=\"nvn-tuto\">\n            <div>\n                <strong>Assist\u00eancia \u00e0 sua resist\u00eancia de aquecimento<\/strong>\n                <span><\/span>\n            <\/div>\n            <span class=\"nvn-tuto__icon\">\n                <svg width=\"17\" height=\"11\" aria-hidden=\"true\" role=\"presentation\"><use xlink:href=\"#arrow\"\/><\/svg>\n            <\/span>\n        <\/a>\n\t\t\t\t\t<\/div>\n<\/div>\n","protected":false},"excerpt":{"rendered":"","protected":false},"author":2,"featured_media":0,"parent":0,"menu_order":0,"comment_status":"closed","ping_status":"closed","template":"","meta":{"_acf_changed":false,"inline_featured_image":false,"footnotes":""},"class_list":["post-1726","page","type-page","status-publish","hentry"],"acf":[],"_links":{"self":[{"href":"https:\/\/n.jvd.fr\/pt-pt\/wp-json\/wp\/v2\/pages\/1726","targetHints":{"allow":["GET"]}}],"collection":[{"href":"https:\/\/n.jvd.fr\/pt-pt\/wp-json\/wp\/v2\/pages"}],"about":[{"href":"https:\/\/n.jvd.fr\/pt-pt\/wp-json\/wp\/v2\/types\/page"}],"author":[{"embeddable":true,"href":"https:\/\/n.jvd.fr\/pt-pt\/wp-json\/wp\/v2\/users\/2"}],"replies":[{"embeddable":true,"href":"https:\/\/n.jvd.fr\/pt-pt\/wp-json\/wp\/v2\/comments?post=1726"}],"version-history":[{"count":4,"href":"https:\/\/n.jvd.fr\/pt-pt\/wp-json\/wp\/v2\/pages\/1726\/revisions"}],"predecessor-version":[{"id":2220,"href":"https:\/\/n.jvd.fr\/pt-pt\/wp-json\/wp\/v2\/pages\/1726\/revisions\/2220"}],"wp:attachment":[{"href":"https:\/\/n.jvd.fr\/pt-pt\/wp-json\/wp\/v2\/media?parent=1726"}],"curies":[{"name":"wp","href":"https:\/\/api.w.org\/{rel}","templated":true}]}}