{"id":1702,"date":"2025-09-23T16:22:50","date_gmt":"2025-09-23T16:22:50","guid":{"rendered":"https:\/\/n.jvd.fr\/?post_type=product&#038;p=1702"},"modified":"2025-11-19T14:15:33","modified_gmt":"2025-11-19T14:15:33","slug":"grelha-n3s","status":"publish","type":"product","link":"https:\/\/n.jvd.fr\/pt-pt\/produit\/grelha-n3s\/","title":{"rendered":"Grelha &#8211; Novven 3S"},"content":{"rendered":"\n<p><strong>Grelha de armazenamento<\/strong> &#8211; A grelha especialmente concebida para otimizar o armazenamento no arm\u00e1rio Novven 3S. Permite colocar facilmente os seus EPI e\/ou acess\u00f3rios, garantindo ao mesmo tempo uma circula\u00e7\u00e3o \u00f3tima de ar para uma secagem, desinfec\u00e7\u00e3o, desodoriza\u00e7\u00e3o ou descontamina\u00e7\u00e3o eficaz. <\/p>\n\n\n\n<ul class=\"wp-block-list\">\n<li><strong>Conce\u00e7\u00e3o segura<\/strong>: evita o tombamento ou deslizamento dos equipamentos durante o ciclo de tratamento.<\/li>\n\n\n\n<li><strong>Vers\u00e1til e robusta<\/strong>: suporta diferentes tipos de equipamentos (botas, sapatos, luvas, capacetes, acess\u00f3rios).<\/li>\n\n\n\n<li><strong>Remov\u00edvel<\/strong>: facilita a limpeza e o ajuste conforme o tamanho dos equipamentos.<\/li>\n\n\n\n<li><strong>Otimiza\u00e7\u00e3o do espa\u00e7o<\/strong>: permite maximizar a capacidade do arm\u00e1rio mantendo os equipamentos acess\u00edveis. M\u00e1ximo de 6 grelhas em toda a altura do arm\u00e1rio.<\/li>\n<\/ul>\n\n\n\n<p><\/p>\n","protected":false},"featured_media":1706,"template":"","meta":{"_acf_changed":false,"inline_featured_image":false,"footnotes":""},"class_list":["post-1702","product","type-product","status-publish","has-post-thumbnail","hentry","locker-ar60-pt-pt","sector-dss-pt","sector-industria","sector-lazer","sector-primeira-infancia","sector-saude"],"acf":[],"_links":{"self":[{"href":"https:\/\/n.jvd.fr\/pt-pt\/wp-json\/wp\/v2\/product\/1702","targetHints":{"allow":["GET"]}}],"collection":[{"href":"https:\/\/n.jvd.fr\/pt-pt\/wp-json\/wp\/v2\/product"}],"about":[{"href":"https:\/\/n.jvd.fr\/pt-pt\/wp-json\/wp\/v2\/types\/product"}],"version-history":[{"count":1,"href":"https:\/\/n.jvd.fr\/pt-pt\/wp-json\/wp\/v2\/product\/1702\/revisions"}],"predecessor-version":[{"id":2385,"href":"https:\/\/n.jvd.fr\/pt-pt\/wp-json\/wp\/v2\/product\/1702\/revisions\/2385"}],"wp:featuredmedia":[{"embeddable":true,"href":"https:\/\/n.jvd.fr\/pt-pt\/wp-json\/wp\/v2\/media\/1706"}],"wp:attachment":[{"href":"https:\/\/n.jvd.fr\/pt-pt\/wp-json\/wp\/v2\/media?parent=1702"}],"curies":[{"name":"wp","href":"https:\/\/api.w.org\/{rel}","templated":true}]}}