{"id":1744,"date":"2025-01-30T22:13:21","date_gmt":"2025-01-30T22:13:21","guid":{"rendered":"https:\/\/n.jvd.fr\/?post_type=product&#038;p=1744"},"modified":"2025-11-10T13:55:01","modified_gmt":"2025-11-10T13:55:01","slug":"gerador","status":"publish","type":"product","link":"https:\/\/n.jvd.fr\/pt-pt\/produit\/gerador\/","title":{"rendered":"Gerador"},"content":{"rendered":"\n<p>Elimina eficazmente os maus odores, bact\u00e9rias, fungos e v\u00edrus no espa\u00e7o fechado do arm\u00e1rio.<\/p>\n\n\n\n<div class=\"wp-block-buttons is-layout-flex wp-block-buttons-is-layout-flex\">\n<div class=\"wp-block-button\"><a class=\"wp-block-button__link wp-element-button\" href=\"https:\/\/n.jvd.fr\/pt-pt\/tutoriel\/substituicao-do-seu-gerador\/\">Saiba como substituir o seu gerador<\/a><\/div>\n<\/div>\n","protected":false},"featured_media":1610,"template":"","meta":{"_acf_changed":false,"inline_featured_image":false,"footnotes":""},"class_list":["post-1744","product","type-product","status-publish","has-post-thumbnail","hentry","locker-ar110-pt-pt","locker-ar60-pt-pt","sector-dss-pt","sector-industria","sector-lazer","sector-primeira-infancia","sector-saude"],"acf":[],"_links":{"self":[{"href":"https:\/\/n.jvd.fr\/pt-pt\/wp-json\/wp\/v2\/product\/1744","targetHints":{"allow":["GET"]}}],"collection":[{"href":"https:\/\/n.jvd.fr\/pt-pt\/wp-json\/wp\/v2\/product"}],"about":[{"href":"https:\/\/n.jvd.fr\/pt-pt\/wp-json\/wp\/v2\/types\/product"}],"version-history":[{"count":1,"href":"https:\/\/n.jvd.fr\/pt-pt\/wp-json\/wp\/v2\/product\/1744\/revisions"}],"predecessor-version":[{"id":2198,"href":"https:\/\/n.jvd.fr\/pt-pt\/wp-json\/wp\/v2\/product\/1744\/revisions\/2198"}],"wp:featuredmedia":[{"embeddable":true,"href":"https:\/\/n.jvd.fr\/pt-pt\/wp-json\/wp\/v2\/media\/1610"}],"wp:attachment":[{"href":"https:\/\/n.jvd.fr\/pt-pt\/wp-json\/wp\/v2\/media?parent=1744"}],"curies":[{"name":"wp","href":"https:\/\/api.w.org\/{rel}","templated":true}]}}